{"id":454,"date":"2022-12-12T15:27:34","date_gmt":"2022-12-12T14:27:34","guid":{"rendered":"https:\/\/site.iconmarketing.es\/brainy\/?page_id=454"},"modified":"2023-03-23T12:16:00","modified_gmt":"2023-03-23T11:16:00","slug":"buybox","status":"publish","type":"page","link":"https:\/\/www.brainycommerce.com\/es\/baip\/buybox\/","title":{"rendered":"Buybox"},"content":{"rendered":"[vc_section full_width=\u00bbstretch_row\u00bb css=\u00bb.vc_custom_1670854221807{background-position: 0 0 !important;background-repeat: no-repeat !important;}\u00bb el_class=\u00bbsec-150&#8243;][vc_row content_placement=\u00bbmiddle\u00bb][vc_column width=\u00bb1\/2&#8243;]<figure class=\"vcex-image vcex-module wpex-clr img-baip\"><div class=\"vcex-image-inner wpex-relative wpex-inline-block\"><img decoding=\"async\" width=\"9999\" height=\"183\" src=\"https:\/\/www.brainycommerce.com\/wp-content\/uploads\/2022\/12\/buybox.svg\" class=\"wpex-align-middle\" alt=\"\" loading=\"lazy\" \/><\/div><\/figure><div class=\"vcex-spacing wpex-w-100 wpex-clear visible-phone\" style=\"height:40px;\"><\/div>[\/vc_column][vc_column width=\u00bb1\/2&#8243;][vc_column_text]Con este m\u00f3dulo puedes acceder a una serie de paneles que monitorizan tanto los ganadores de esta <strong>oferta destacada<\/strong> en cada momento como todo lo relativo a las <strong>variables que se tienen en cuenta en estos algoritmos<\/strong> para adjudicar la venta. Estas variables son: <strong>el modelo comercial, los precios y la soluci\u00f3n log\u00edstica y su coste.<\/strong>[\/vc_column_text][\/vc_column][\/vc_row][\/vc_section][vc_section full_width=\u00bbstretch_row\u00bb css=\u00bb.vc_custom_1670854308382{background-color: #4b8e87 !important;}\u00bb][vc_row full_width=\u00bbstretch_row_content_no_spaces\u00bb content_placement=\u00bbmiddle\u00bb columns_right=\u00bbyes\u00bb typography_style=\u00bbwhite\u00bb][vc_column width=\u00bb5\/12&#8243;]<figure class=\"vcex-image vcex-module wpex-clr\"><div class=\"vcex-image-inner wpex-relative wpex-inline-block\"><img decoding=\"async\" width=\"1614\" height=\"1794\" src=\"https:\/\/www.brainycommerce.com\/wp-content\/uploads\/2022\/12\/bg-soluciones.jpg\" class=\"wpex-align-middle\" alt=\"\" loading=\"lazy\" srcset=\"https:\/\/www.brainycommerce.com\/wp-content\/uploads\/2022\/12\/bg-soluciones.jpg 1614w, https:\/\/www.brainycommerce.com\/wp-content\/uploads\/2022\/12\/bg-soluciones-270x300.jpg 270w, https:\/\/www.brainycommerce.com\/wp-content\/uploads\/2022\/12\/bg-soluciones-921x1024.jpg 921w, https:\/\/www.brainycommerce.com\/wp-content\/uploads\/2022\/12\/bg-soluciones-768x854.jpg 768w, https:\/\/www.brainycommerce.com\/wp-content\/uploads\/2022\/12\/bg-soluciones-1382x1536.jpg 1382w, https:\/\/www.brainycommerce.com\/wp-content\/uploads\/2022\/12\/bg-soluciones-720x800.jpg 720w\" sizes=\"auto, (max-width: 1614px) 100vw, 1614px\" \/><\/div><\/figure>[\/vc_column][vc_column width=\u00bb7\/12&#8243; el_class=\u00bbpl-10 pr-10 pt-10-mvl pb-10-mvl\u00bb]<h3 class=\"vcex-heading vcex-module wpex-text-2xl wpex-font-normal wpex-m-auto wpex-max-w-100 vcex-heading-plain wpex-block tip-130-140 recoletablack mb-40\"><span class=\"vcex-heading-inner wpex-inline-block wpex-clr\">Insights<\/span><\/h3>[vc_column_text]<strong>Esta herramienta<\/strong> es una soluci\u00f3n muy \u00fatil para productores y fabricantes ya que les <strong>da visibilidad para saber qui\u00e9n vende sus productos y en qu\u00e9 condiciones en cada momento<\/strong>. Informaci\u00f3n fundamental para tener visibilidad sobre la realidad del canal y tomar as\u00ed las mejores decisiones en su estrategia omnicanal.[\/vc_column_text][\/vc_column][\/vc_row][\/vc_section][vc_section full_width=\u00bbstretch_row\u00bb el_class=\u00bbsec-150 elemento-5&#8243;][vc_row content_placement=\u00bbmiddle\u00bb][vc_column width=\u00bb1\/2&#8243;]<h3 class=\"vcex-heading vcex-module wpex-text-2xl wpex-font-normal wpex-m-auto wpex-max-w-100 vcex-heading-plain wpex-block tip-130-140 recoletablack mb-40\"><span class=\"vcex-heading-inner wpex-inline-block wpex-clr\">Tendr\u00e1s acceso a:<\/span><\/h3>[\/vc_column][vc_column width=\u00bb1\/2&#8243;]<h3 class=\"vcex-heading vcex-module wpex-text-2xl wpex-font-normal wpex-m-auto wpex-max-w-100 vcex-heading-plain wpex-block tip-55-60 mb-70 bold\"><span class=\"vcex-heading-inner wpex-inline-block wpex-clr\">Chivato de la variaci\u00f3n de PVPs por d\u00eda<\/span><\/h3><h3 class=\"vcex-heading vcex-module wpex-text-2xl wpex-font-normal wpex-m-auto wpex-max-w-100 vcex-heading-plain wpex-block tip-55-60 mb-70 bold\"><span class=\"vcex-heading-inner wpex-inline-block wpex-clr\">Relaci\u00f3n entre las ventas (sell out) con la variaci\u00f3n del PVP<\/span><\/h3><h3 class=\"vcex-heading vcex-module wpex-text-2xl wpex-font-normal wpex-m-auto wpex-max-w-100 vcex-heading-plain wpex-block tip-55-60 mb-70 bold\"><span class=\"vcex-heading-inner wpex-inline-block wpex-clr\">% de tenencia de la buybox Vendor Vs Seller<\/span><\/h3><h3 class=\"vcex-heading vcex-module wpex-text-2xl wpex-font-normal wpex-m-auto wpex-max-w-100 vcex-heading-plain wpex-block tip-55-60 mb-70 bold\"><span class=\"vcex-heading-inner wpex-inline-block wpex-clr\">Distribuci\u00f3n de la buybox entre Sellers<\/span><\/h3><h3 class=\"vcex-heading vcex-module wpex-text-2xl wpex-font-normal wpex-m-auto wpex-max-w-100 vcex-heading-plain wpex-block tip-55-60 bold\"><span class=\"vcex-heading-inner wpex-inline-block wpex-clr\">Identidad de los Sellers del producto<\/span><\/h3>[\/vc_column][\/vc_row][\/vc_section][vc_section full_width=\u00bbstretch_row\u00bb css=\u00bb.vc_custom_1670854401175{background-color: #e2d7cc !important;}\u00bb el_class=\u00bbsec-150&#8243;][vc_row content_placement=\u00bbmiddle\u00bb][vc_column]<h3 class=\"vcex-heading vcex-module wpex-text-2xl wpex-font-normal wpex-m-auto wpex-max-w-100 vcex-heading-plain wpex-block wpex-text-center tip-55-60 mb-50 bold\"><span class=\"vcex-heading-inner wpex-inline-block wpex-clr\">Para las empresas que disponen de equipo propio<\/span><\/h3>[vc_column_text text_align=\u00bbcenter\u00bb]que gestiona su presencia en Marketplaces y no necesitan los<br \/>\nservicios de los consultores de <strong>Brainy Commerce<\/strong>, tambi\u00e9n<br \/>\n<strong>pueden solicitar acceso a este servicio de datos de BAIP<\/strong>.[\/vc_column_text][vc_column_text text_align=\u00bbcenter\u00bb]<a class=\"btn-brainy negro contacto mt-60\" href=\"https:\/\/www.brainycommerce.com\/es\/contacto\/\">Cont\u00e1cta con nosotros<\/a>[\/vc_column_text][\/vc_column][\/vc_row][\/vc_section]\n","protected":false},"excerpt":{"rendered":"<p>[vc_section full_width=\u00bbstretch_row\u00bb css=\u00bb.vc_custom_1670854221807{background-position: 0 0 !important;background-repeat: no-repeat !important;}\u00bb el_class=\u00bbsec-150&#8243;][vc_row content_placement=\u00bbmiddle\u00bb][vc_column width=\u00bb1\/2&#8243;][\/vc_column][vc_column width=\u00bb1\/2&#8243;][vc_column_text]Con este m\u00f3dulo puedes acceder a una serie de paneles que monitorizan tanto los ganadores de esta oferta destacada en cada momento como todo lo relativo a las variables que se tienen en cuenta en estos algoritmos para adjudicar la venta. Estas variables son:&hellip;<\/p>\n","protected":false},"author":6,"featured_media":2187,"parent":58,"menu_order":0,"comment_status":"closed","ping_status":"closed","template":"","meta":{"content-type":"","inline_featured_image":false,"footnotes":""},"class_list":["post-454","page","type-page","status-publish","has-post-thumbnail","hentry","entry","has-media"],"acf":[],"_links":{"self":[{"href":"https:\/\/www.brainycommerce.com\/es\/wp-json\/wp\/v2\/pages\/454","targetHints":{"allow":["GET"]}}],"collection":[{"href":"https:\/\/www.brainycommerce.com\/es\/wp-json\/wp\/v2\/pages"}],"about":[{"href":"https:\/\/www.brainycommerce.com\/es\/wp-json\/wp\/v2\/types\/page"}],"author":[{"embeddable":true,"href":"https:\/\/www.brainycommerce.com\/es\/wp-json\/wp\/v2\/users\/6"}],"replies":[{"embeddable":true,"href":"https:\/\/www.brainycommerce.com\/es\/wp-json\/wp\/v2\/comments?post=454"}],"version-history":[{"count":23,"href":"https:\/\/www.brainycommerce.com\/es\/wp-json\/wp\/v2\/pages\/454\/revisions"}],"predecessor-version":[{"id":2902,"href":"https:\/\/www.brainycommerce.com\/es\/wp-json\/wp\/v2\/pages\/454\/revisions\/2902"}],"up":[{"embeddable":true,"href":"https:\/\/www.brainycommerce.com\/es\/wp-json\/wp\/v2\/pages\/58"}],"wp:featuredmedia":[{"embeddable":true,"href":"https:\/\/www.brainycommerce.com\/es\/wp-json\/wp\/v2\/media\/2187"}],"wp:attachment":[{"href":"https:\/\/www.brainycommerce.com\/es\/wp-json\/wp\/v2\/media?parent=454"}],"curies":[{"name":"wp","href":"https:\/\/api.w.org\/{rel}","templated":true}]}}