{"id":413,"date":"2022-12-12T12:59:54","date_gmt":"2022-12-12T11:59:54","guid":{"rendered":"https:\/\/site.iconmarketing.es\/brainy\/?page_id=413"},"modified":"2023-03-23T12:18:14","modified_gmt":"2023-03-23T11:18:14","slug":"aliexpress","status":"publish","type":"page","link":"https:\/\/www.brainycommerce.com\/es\/servicios\/marketplaces\/aliexpress\/","title":{"rendered":"Aliexpress"},"content":{"rendered":"[vc_section full_width=\u00bbstretch_row\u00bb css=\u00bb.vc_custom_1669978590540{background-position: 0 0 !important;background-repeat: no-repeat !important;}\u00bb el_class=\u00bbsec-150&#8243;][vc_row][vc_column width=\u00bb1\/2&#8243;]<h3 class=\"vcex-heading vcex-module wpex-text-2xl wpex-font-normal wpex-m-auto wpex-max-w-100 vcex-heading-plain wpex-block tip-130 recoletablack\"><span class=\"vcex-heading-inner wpex-inline-block wpex-clr\">\u00bfEn qu\u00e9 pa\u00edses est\u00e1 AliExpress?<\/span><\/h3>[\/vc_column][vc_column width=\u00bb1\/2&#8243; el_class=\u00bbpl-10 pl-0-mvl\u00bb][vc_column_text]AliExpress tiene ya <strong>presencia en m\u00e1s de 200 pa\u00edses<\/strong> y su app est\u00e1 traducida a 18 idiomas diferentes. Espa\u00f1a se posiciona como el tercer mercado en importancia, s\u00f3lo superado por Rusia y Estados Unidos, y sirve de plataforma de pruebas y expansi\u00f3n para sus operaciones en toda Europa.<\/p>\n<p>Durante la celebraci\u00f3n del principal d\u00eda de compras en Oriente, el Singles Day o el 11.11, las ventas logradas en Espa\u00f1a solo fueron superadas por las conseguidas en Estados Unidos.<\/p>\n<p>Su desembarco en <strong>Latinoam\u00e9rica<\/strong> es tambi\u00e9n muy notable, habiendo logrado ya posicionarse en el <strong>Top 3 de audiencia de retailers online en Mexico junto a Mercado Libre y Amazon<\/strong>.<\/p>\n<p>Se estima que AliExpress est\u00e1 rondando ya una audiencia en torno a los <strong>170 millones de usuarios \u00fanicos al mes<\/strong>.[\/vc_column_text][\/vc_column][\/vc_row][\/vc_section][vc_section full_width=\u00bbstretch_row\u00bb css=\u00bb.vc_custom_1670846623819{background: #133641 url(https:\/\/www.brainycommerce.com\/wp-content\/uploads\/2022\/12\/bg-aliexpress-scaled.jpg?id=415) !important;background-position: 0 0 !important;background-repeat: no-repeat !important;}\u00bb el_class=\u00bbsec-150&#8243; wpex_bg_position=\u00bbcenter center\u00bb][vc_row content_placement=\u00bbmiddle\u00bb typography_style=\u00bbwhite\u00bb][vc_column width=\u00bb1\/2&#8243;]<h3 class=\"vcex-heading vcex-module wpex-text-2xl wpex-font-normal wpex-m-auto wpex-max-w-100 vcex-heading-plain wpex-block tip-130 recoletablack mb-40\"><span class=\"vcex-heading-inner wpex-inline-block wpex-clr\">Acuerdos Locales de AliExpress<\/span><\/h3>[vc_column_text]Aunque la verdadera ventaja competitiva de Aliexpress reside en los productos fabricados en China, desarrollan tambi\u00e9n una importante labor de marketing en los mercados locales tanto con la implementaci\u00f3n de zonas de compras de producto local como mediante la firma de acuerdos de colaboraci\u00f3n con proveedores log\u00edsticos y retailers tradicionales l\u00edderes de cada pa\u00eds.<\/p>\n<p>En Espa\u00f1a, por ejemplo, han desarrollado AliExpress Plaza y llegado a acuerdos con Correos y El Corte Ingl\u00e9s.[\/vc_column_text][\/vc_column][vc_column width=\u00bb1\/2&#8243; el_class=\u00bbpl-10 pl-0-mvl\u00bb][\/vc_column][\/vc_row][\/vc_section][vc_section full_width=\u00bbstretch_row\u00bb css=\u00bb.vc_custom_1670847091136{background-position: 0 0 !important;background-repeat: no-repeat !important;}\u00bb el_class=\u00bbsec-150 elemento-1&#8243;][vc_row content_placement=\u00bbmiddle\u00bb][vc_column width=\u00bb1\/2&#8243;]<h3 class=\"vcex-heading vcex-module wpex-text-2xl wpex-font-normal wpex-m-auto wpex-max-w-100 vcex-heading-plain wpex-block tip-130 recoletablack mb-20\"><span class=\"vcex-heading-inner wpex-inline-block wpex-clr\">Modelos de Negocio en AliExpress<\/span><\/h3>[\/vc_column][vc_column width=\u00bb1\/2&#8243; el_class=\u00bbpl-10 pl-0-mvl\u00bb][vc_column_text]AliExpress tiene en su ADN el esp\u00edritu de la intermediaci\u00f3n (lo mismo que su matriz de comercio entre empresas B2B Alibaba). Esto significa que se trata de una plataforma a disposici\u00f3n de las empresas para que vendan sus productos a trav\u00e9s de ella. No existe, por tanto, la posibilidad de vender nuestros productos al Marketplace.<\/p>\n<p>Su modelo 100% Marketplace es muy competitivo en precio si lo comparamos con el de Amazon, no cobrando gastos fijos ni comisiones por apertura y mantenimiento de una cuenta y movi\u00e9ndose en franjas de comisi\u00f3n sobre ventas entre el 5 y el 8%.[\/vc_column_text][\/vc_column][\/vc_row][\/vc_section][vc_section full_width=\u00bbstretch_row\u00bb css=\u00bb.vc_custom_1671795326064{background-position: 0 0 !important;background-repeat: no-repeat !important;}\u00bb el_class=\u00bbsec-150&#8243;][vc_row content_placement=\u00bbmiddle\u00bb][vc_column width=\u00bb2\/3&#8243;]<h3 class=\"vcex-heading vcex-module wpex-text-2xl wpex-font-normal wpex-m-auto wpex-max-w-100 vcex-heading-plain wpex-block tip-130 recoletablack mb-20\"><span class=\"vcex-heading-inner wpex-inline-block wpex-clr\">Las Promociones<\/span><\/h3><h3 class=\"vcex-heading vcex-module wpex-text-2xl wpex-font-normal wpex-m-auto wpex-max-w-100 vcex-heading-plain wpex-block tip-55-60 mb-50 bold\"><span class=\"vcex-heading-inner wpex-inline-block wpex-clr\">en AliExpress<\/span><\/h3>[vc_column_text]Desde Brainy Commerce conocemos y manejamos las t\u00e9cnicas para promover el tr\u00e1fico y las ventas en AliExpress.<\/p>\n<p>Se trata de un Marketplace muy promocional donde la prueba de producto v\u00eda los Freebies y el saber usar sus herramientas de <strong>Monedas y Cupones<\/strong> son fundamentales para <strong>darse a conocer<\/strong> y lograr <strong>mayor conversi\u00f3n en ventas<\/strong>.[\/vc_column_text][\/vc_column][vc_column width=\u00bb1\/3&#8243;][\/vc_column][\/vc_row][\/vc_section]\n","protected":false},"excerpt":{"rendered":"<p>[vc_section full_width=\u00bbstretch_row\u00bb css=\u00bb.vc_custom_1669978590540{background-position: 0 0 !important;background-repeat: no-repeat !important;}\u00bb el_class=\u00bbsec-150&#8243;][vc_row][vc_column width=\u00bb1\/2&#8243;][\/vc_column][vc_column width=\u00bb1\/2&#8243; el_class=\u00bbpl-10 pl-0-mvl\u00bb][vc_column_text]AliExpress tiene ya presencia en m\u00e1s de 200 pa\u00edses y su app est\u00e1 traducida a 18 idiomas diferentes. Espa\u00f1a se posiciona como el tercer mercado en importancia, s\u00f3lo superado por Rusia y Estados Unidos, y sirve de plataforma de pruebas y expansi\u00f3n para&hellip;<\/p>\n","protected":false},"author":6,"featured_media":2185,"parent":370,"menu_order":0,"comment_status":"closed","ping_status":"closed","template":"","meta":{"content-type":"","inline_featured_image":false,"footnotes":""},"class_list":["post-413","page","type-page","status-publish","has-post-thumbnail","hentry","entry","has-media"],"acf":[],"_links":{"self":[{"href":"https:\/\/www.brainycommerce.com\/es\/wp-json\/wp\/v2\/pages\/413","targetHints":{"allow":["GET"]}}],"collection":[{"href":"https:\/\/www.brainycommerce.com\/es\/wp-json\/wp\/v2\/pages"}],"about":[{"href":"https:\/\/www.brainycommerce.com\/es\/wp-json\/wp\/v2\/types\/page"}],"author":[{"embeddable":true,"href":"https:\/\/www.brainycommerce.com\/es\/wp-json\/wp\/v2\/users\/6"}],"replies":[{"embeddable":true,"href":"https:\/\/www.brainycommerce.com\/es\/wp-json\/wp\/v2\/comments?post=413"}],"version-history":[{"count":15,"href":"https:\/\/www.brainycommerce.com\/es\/wp-json\/wp\/v2\/pages\/413\/revisions"}],"predecessor-version":[{"id":3119,"href":"https:\/\/www.brainycommerce.com\/es\/wp-json\/wp\/v2\/pages\/413\/revisions\/3119"}],"up":[{"embeddable":true,"href":"https:\/\/www.brainycommerce.com\/es\/wp-json\/wp\/v2\/pages\/370"}],"wp:featuredmedia":[{"embeddable":true,"href":"https:\/\/www.brainycommerce.com\/es\/wp-json\/wp\/v2\/media\/2185"}],"wp:attachment":[{"href":"https:\/\/www.brainycommerce.com\/es\/wp-json\/wp\/v2\/media?parent=413"}],"curies":[{"name":"wp","href":"https:\/\/api.w.org\/{rel}","templated":true}]}}