{"id":361,"date":"2022-12-02T13:29:28","date_gmt":"2022-12-02T12:29:28","guid":{"rendered":"https:\/\/site.iconmarketing.es\/brainy\/?page_id=361"},"modified":"2023-03-23T12:15:42","modified_gmt":"2023-03-23T11:15:42","slug":"retail-management","status":"publish","type":"page","link":"https:\/\/www.brainycommerce.com\/es\/servicios\/retail-management\/","title":{"rendered":"Retail management"},"content":{"rendered":"[vc_section full_width=\u00bbstretch_row\u00bb css=\u00bb.vc_custom_1669984352543{background-position: 0 0 !important;background-repeat: no-repeat !important;}\u00bb el_class=\u00bbsec-110&#8243;][vc_row content_placement=\u00bbmiddle\u00bb][vc_column width=\u00bb1\/2&#8243;][vc_column_text]En Brainy Commerce <strong>nos ocupamos de todo,<\/strong> en nosotros encontrar\u00e1s un equipo completamente especializado que se <strong>har\u00e1 cargo de la mayor parte de la operaci\u00f3n.<\/strong> Sea cual sea la estrategia de marketplaces que mejor le venga a tu marca y cat\u00e1logo, nos ocupamos de todo en tu nombre reduciendo el trabajo y el ruido en un 80%.[\/vc_column_text][\/vc_column][vc_column width=\u00bb1\/2&#8243;]<figure class=\"vcex-image vcex-module wpex-clr\"><div class=\"vcex-image-inner wpex-relative wpex-inline-block\"><img decoding=\"async\" width=\"9999\" height=\"1200\" src=\"https:\/\/www.brainycommerce.com\/wp-content\/uploads\/2022\/12\/icon4.svg\" class=\"wpex-align-middle\" alt=\"\" loading=\"lazy\" \/><\/div><\/figure>[\/vc_column][\/vc_row][\/vc_section][vc_section full_width=\u00bbstretch_row\u00bb css=\u00bb.vc_custom_1669984447987{background-color: #f9f9f9 !important;background-position: 0 0 !important;background-repeat: no-repeat !important;}\u00bb el_class=\u00bbsec-150&#8243;][vc_row content_placement=\u00bbmiddle\u00bb][vc_column width=\u00bb1\/2&#8243;]<div class=\"vcex-heading vcex-module wpex-text-2xl wpex-font-normal wpex-m-auto wpex-max-w-100 vcex-heading-plain wpex-block tip-55-60 mb-50 bold\"><span class=\"vcex-heading-inner wpex-inline-block wpex-clr\">Tanto si la estrategia es local como internacional<\/span><\/div>[\/vc_column][vc_column width=\u00bb1\/2&#8243;][vc_column_text]En un marketplace o en varios, bajo un modelo u otro, retail (1P), marketplace (3P) o gesti\u00f3n h\u00edbrida del canal (1P+3P)&#8230; En las plataformas de mayor alcance global o tambi\u00e9n en las de \u00faltima milla (como Amazon Fresh).[\/vc_column_text][\/vc_column][\/vc_row][\/vc_section][vc_section full_width=\u00bbstretch_row\u00bb content_placement=\u00bbmiddle\u00bb css=\u00bb.vc_custom_1671183416146{background-color: #e2d7cc !important;}\u00bb el_class=\u00bbpr-0 pr-0-mvl\u00bb][vc_row content_placement=\u00bbmiddle\u00bb][vc_column width=\u00bb7\/12&#8243; el_class=\u00bbsec-70 pr-10 pr-10-mvl\u00bb]<h2 class=\"vcex-heading vcex-module wpex-text-2xl wpex-font-normal wpex-m-auto wpex-max-w-100 vcex-heading-plain wpex-block tip-130 recoletablack mb-50\"><span class=\"vcex-heading-inner wpex-inline-block wpex-clr\">\u00c1reas de<br \/>\nServicio<\/span><\/h2>[vc_column_text]Mantenemos siempre el<strong> cat\u00e1logo de nuestros clientes actualizado<\/strong> y listo para vender \u00a1y sus cuentas de vendedor <strong>libres de penalizaciones y problemas!<\/strong><\/p>\n<p>Podr\u00e1s dejar en manos de tu equipo de <strong>retail management de Marketplaces<\/strong> en Brainy Commerce todo lo relativo a la <strong>gesti\u00f3n<\/strong> de tus cuentas, la <strong>resoluci\u00f3n de incidencias<\/strong>, la actualizaci\u00f3n de tu <strong>cat\u00e1logo<\/strong>, la <strong>reputaci\u00f3n<\/strong> de tus productos a trav\u00e9s de las reviews del consumidor, la gesti\u00f3n de<strong> pedidos <\/strong>y de<strong> stocks<\/strong>, el c\u00e1lculo y seguimiento de los <strong>costes log\u00edsticos<\/strong>&#8230; Todo, s\u00ed, menos atender los pedidos y gestionar el stock peri\u00f3dicamente.<\/p>\n<p>As\u00ed mismo, estar\u00e1s al d\u00eda de todas las <strong>opciones promocionales<\/strong>, con sus pros y sus contras, que los Marketplaces ponen a tu disposici\u00f3n para <strong>mejorar la conversi\u00f3n<\/strong> de una visita a tu p\u00e1gina de producto en venta. Tanto de las del d\u00eda a d\u00eda como de las de los d\u00edas de venta especial como Black Friday, Singles Day o Prime Day.[\/vc_column_text][\/vc_column][vc_column width=\u00bb5\/12&#8243;]<figure class=\"vcex-image vcex-module wpex-clr\"><div class=\"vcex-image-inner wpex-relative wpex-inline-block\"><img decoding=\"async\" width=\"1570\" height=\"2486\" src=\"https:\/\/www.brainycommerce.com\/wp-content\/uploads\/2022\/12\/bg-areas-servicio.jpg\" class=\"wpex-align-middle\" alt=\"\" loading=\"lazy\" srcset=\"https:\/\/www.brainycommerce.com\/wp-content\/uploads\/2022\/12\/bg-areas-servicio.jpg 1570w, https:\/\/www.brainycommerce.com\/wp-content\/uploads\/2022\/12\/bg-areas-servicio-189x300.jpg 189w, https:\/\/www.brainycommerce.com\/wp-content\/uploads\/2022\/12\/bg-areas-servicio-647x1024.jpg 647w, https:\/\/www.brainycommerce.com\/wp-content\/uploads\/2022\/12\/bg-areas-servicio-768x1216.jpg 768w, https:\/\/www.brainycommerce.com\/wp-content\/uploads\/2022\/12\/bg-areas-servicio-970x1536.jpg 970w, https:\/\/www.brainycommerce.com\/wp-content\/uploads\/2022\/12\/bg-areas-servicio-1293x2048.jpg 1293w, https:\/\/www.brainycommerce.com\/wp-content\/uploads\/2022\/12\/bg-areas-servicio-505x800.jpg 505w\" sizes=\"auto, (max-width: 1570px) 100vw, 1570px\" \/><\/div><\/figure>[\/vc_column][\/vc_row][\/vc_section][vc_section full_width=\u00bbstretch_row\u00bb content_placement=\u00bbmiddle\u00bb css=\u00bb.vc_custom_1671707173662{background-color: #4b8e87 !important;}\u00bb el_class=\u00bbpr-0 pr-0-mvl\u00bb][vc_row content_placement=\u00bbmiddle\u00bb typography_style=\u00bbwhite\u00bb][vc_column width=\u00bb7\/12&#8243; el_class=\u00bbsec-70 pr-10 pr-10-mvl\u00bb]<h3 class=\"vcex-heading vcex-module wpex-text-2xl wpex-font-normal wpex-m-auto wpex-max-w-100 vcex-heading-plain wpex-block tip-130 recoletablack mb-50\"><span class=\"vcex-heading-inner wpex-inline-block wpex-clr\">Metodolog\u00eda OKRs<\/span><\/h3>[vc_column_text]Los <strong>OKRs<\/strong> o <strong>Objetivos y resultados clave<\/strong> son una manera diferente de <strong>c\u00f3mo estructurar nuestros objetivos<\/strong>. Un marco de referencia con herramientas y mejores pr\u00e1cticas para gestionar nuestros objetivos.<\/p>\n<p>Para el arranque del proyecto tendremos una sesi\u00f3n a modo de Kick Off para conocer en detalle tanto tus productos como los objetivos que como compa\u00f1\u00eda ten\u00e9is para este proyecto. Te preguntaremos muchas cosas. Todas con un \u00fanico objetivo, conocer los tuyos.<\/p>\n<p>Los OKRs nos permitir\u00e1n <strong>definir un camino compartido y consistente hacia el \u00e9xito y consecuci\u00f3n de los objetivos<\/strong>, aport\u00e1ndonos claridad, transparencia, foco, alineamiento, estructura y todo siempre informado por los datos.<\/p>\n<p>Estableceremos as\u00ed una <strong>colaboraci\u00f3n eficiente con vuestros equipos comerciales, marketing, digital, administraci\u00f3n, operaciones y log\u00edstica<\/strong>. Nos integramos como miembros del equipo en busca de los objetivos definidos y siguiendo las m\u00e9tricas que nos dir\u00e1n si vamos o no por el buen camino.[\/vc_column_text][\/vc_column][vc_column width=\u00bb5\/12&#8243;]<figure class=\"vcex-image vcex-module wpex-clr\"><div class=\"vcex-image-inner wpex-relative wpex-inline-block\"><img decoding=\"async\" width=\"1570\" height=\"2486\" src=\"https:\/\/www.brainycommerce.com\/wp-content\/uploads\/2022\/12\/bg-metodologia0.jpg\" class=\"wpex-align-middle\" alt=\"\" loading=\"lazy\" srcset=\"https:\/\/www.brainycommerce.com\/wp-content\/uploads\/2022\/12\/bg-metodologia0.jpg 1570w, https:\/\/www.brainycommerce.com\/wp-content\/uploads\/2022\/12\/bg-metodologia0-189x300.jpg 189w, https:\/\/www.brainycommerce.com\/wp-content\/uploads\/2022\/12\/bg-metodologia0-647x1024.jpg 647w, https:\/\/www.brainycommerce.com\/wp-content\/uploads\/2022\/12\/bg-metodologia0-768x1216.jpg 768w, https:\/\/www.brainycommerce.com\/wp-content\/uploads\/2022\/12\/bg-metodologia0-970x1536.jpg 970w, https:\/\/www.brainycommerce.com\/wp-content\/uploads\/2022\/12\/bg-metodologia0-1293x2048.jpg 1293w, https:\/\/www.brainycommerce.com\/wp-content\/uploads\/2022\/12\/bg-metodologia0-505x800.jpg 505w\" sizes=\"auto, (max-width: 1570px) 100vw, 1570px\" \/><\/div><\/figure>[\/vc_column][\/vc_row][\/vc_section][vc_section full_width=\u00bbstretch_row\u00bb content_placement=\u00bbmiddle\u00bb css=\u00bb.vc_custom_1671707182245{background-color: #f07400 !important;}\u00bb el_class=\u00bbpr-0 pr-0-mvl\u00bb][vc_row content_placement=\u00bbmiddle\u00bb typography_style=\u00bbwhite\u00bb][vc_column width=\u00bb7\/12&#8243; el_class=\u00bbsec-70 pr-10 pr-10-mvl\u00bb]<h3 class=\"vcex-heading vcex-module wpex-text-2xl wpex-font-normal wpex-m-auto wpex-max-w-100 vcex-heading-plain wpex-block tip-130 recoletablack mb-50\"><span class=\"vcex-heading-inner wpex-inline-block wpex-clr\">Data e Insights de Mercados<\/span><\/h3>[vc_column_text]<strong>BAIP,<\/strong> la plataforma de business intelligence de Brainy Commerce, permitir\u00e1 <strong>que los<\/strong> <strong>datos sean quienes nos gu\u00eden.<\/strong><\/p>\n<p>Tu equipo en Brainy Commerce estar\u00e1 analizando la informaci\u00f3n de tus cuentas permanentemente y notaremos la ayuda de la tecnolog\u00eda con la progresiva llegada a BAIP de algoritmos de modelos predictivos.<\/p>\n<p><strong>\u201cLa mejor forma de predecir el futuro es crearlo\u201d.<\/strong><\/p>\n<p>Podr\u00e1s acceder a BAIP siempre que quieras a trav\u00e9s de tu cuenta de usuario y contrase\u00f1a, adem\u00e1s, tendr\u00e1s un <b>reporting <\/b><span style=\"font-size: 30px;\"><b>peri\u00f3dico<\/b><\/span><b> detallado y claro<\/b> por parte del equipo responsable de tu cuenta.[\/vc_column_text][\/vc_column][vc_column width=\u00bb5\/12&#8243;]<figure class=\"vcex-image vcex-module wpex-clr\"><div class=\"vcex-image-inner wpex-relative wpex-inline-block\"><img decoding=\"async\" width=\"1570\" height=\"2486\" src=\"https:\/\/www.brainycommerce.com\/wp-content\/uploads\/2022\/12\/bg-data.jpg\" class=\"wpex-align-middle\" alt=\"\" loading=\"lazy\" srcset=\"https:\/\/www.brainycommerce.com\/wp-content\/uploads\/2022\/12\/bg-data.jpg 1570w, https:\/\/www.brainycommerce.com\/wp-content\/uploads\/2022\/12\/bg-data-189x300.jpg 189w, https:\/\/www.brainycommerce.com\/wp-content\/uploads\/2022\/12\/bg-data-647x1024.jpg 647w, https:\/\/www.brainycommerce.com\/wp-content\/uploads\/2022\/12\/bg-data-768x1216.jpg 768w, https:\/\/www.brainycommerce.com\/wp-content\/uploads\/2022\/12\/bg-data-970x1536.jpg 970w, https:\/\/www.brainycommerce.com\/wp-content\/uploads\/2022\/12\/bg-data-1293x2048.jpg 1293w, https:\/\/www.brainycommerce.com\/wp-content\/uploads\/2022\/12\/bg-data-505x800.jpg 505w\" sizes=\"auto, (max-width: 1570px) 100vw, 1570px\" \/><\/div><\/figure>[\/vc_column][\/vc_row][\/vc_section]\n","protected":false},"excerpt":{"rendered":"<p>[vc_section full_width=\u00bbstretch_row\u00bb css=\u00bb.vc_custom_1669984352543{background-position: 0 0 !important;background-repeat: no-repeat !important;}\u00bb el_class=\u00bbsec-110&#8243;][vc_row content_placement=\u00bbmiddle\u00bb][vc_column width=\u00bb1\/2&#8243;][vc_column_text]En Brainy Commerce nos ocupamos de todo, en nosotros encontrar\u00e1s un equipo completamente especializado que se har\u00e1 cargo de la mayor parte de la operaci\u00f3n. Sea cual sea la estrategia de marketplaces que mejor le venga a tu marca y cat\u00e1logo, nos ocupamos de todo&hellip;<\/p>\n","protected":false},"author":6,"featured_media":2196,"parent":57,"menu_order":0,"comment_status":"closed","ping_status":"closed","template":"","meta":{"content-type":"","inline_featured_image":false,"footnotes":""},"class_list":["post-361","page","type-page","status-publish","has-post-thumbnail","hentry","entry","has-media"],"acf":[],"_links":{"self":[{"href":"https:\/\/www.brainycommerce.com\/es\/wp-json\/wp\/v2\/pages\/361","targetHints":{"allow":["GET"]}}],"collection":[{"href":"https:\/\/www.brainycommerce.com\/es\/wp-json\/wp\/v2\/pages"}],"about":[{"href":"https:\/\/www.brainycommerce.com\/es\/wp-json\/wp\/v2\/types\/page"}],"author":[{"embeddable":true,"href":"https:\/\/www.brainycommerce.com\/es\/wp-json\/wp\/v2\/users\/6"}],"replies":[{"embeddable":true,"href":"https:\/\/www.brainycommerce.com\/es\/wp-json\/wp\/v2\/comments?post=361"}],"version-history":[{"count":25,"href":"https:\/\/www.brainycommerce.com\/es\/wp-json\/wp\/v2\/pages\/361\/revisions"}],"predecessor-version":[{"id":2791,"href":"https:\/\/www.brainycommerce.com\/es\/wp-json\/wp\/v2\/pages\/361\/revisions\/2791"}],"up":[{"embeddable":true,"href":"https:\/\/www.brainycommerce.com\/es\/wp-json\/wp\/v2\/pages\/57"}],"wp:featuredmedia":[{"embeddable":true,"href":"https:\/\/www.brainycommerce.com\/es\/wp-json\/wp\/v2\/media\/2196"}],"wp:attachment":[{"href":"https:\/\/www.brainycommerce.com\/es\/wp-json\/wp\/v2\/media?parent=361"}],"curies":[{"name":"wp","href":"https:\/\/api.w.org\/{rel}","templated":true}]}}