{"id":323,"date":"2022-12-02T11:52:52","date_gmt":"2022-12-02T10:52:52","guid":{"rendered":"https:\/\/site.iconmarketing.es\/brainy\/?page_id=323"},"modified":"2023-03-23T12:17:53","modified_gmt":"2023-03-23T11:17:53","slug":"market-research","status":"publish","type":"page","link":"https:\/\/www.brainycommerce.com\/es\/servicios\/market-research\/","title":{"rendered":"Market Research"},"content":{"rendered":"[vc_section full_width=\u00bbstretch_row\u00bb css=\u00bb.vc_custom_1669978590540{background-position: 0 0 !important;background-repeat: no-repeat !important;}\u00bb el_class=\u00bbsec-150&#8243;][vc_row content_placement=\u00bbmiddle\u00bb][vc_column width=\u00bb1\/2&#8243;]<h2 class=\"vcex-heading vcex-module wpex-text-2xl wpex-font-normal wpex-m-auto wpex-max-w-100 vcex-heading-plain wpex-block tip-55-60 mb-50 bold\"><span class=\"vcex-heading-inner wpex-inline-block wpex-clr\">El comercio electr\u00f3nico y en especial los marketplaces son el nuevo retail<\/span><\/h2>[\/vc_column][vc_column width=\u00bb1\/2&#8243; el_class=\u00bbpl-10 pl-0-mvl\u00bb][vc_column_text]Un <strong>nuevo retail<\/strong> que se caracteriza, por encima de su naturaleza digital, por el <strong>acceso a los datos<\/strong>.<\/p>\n<p>La \u00e9poca en la que las decisiones de negocio se sosten\u00edan con intuiciones o apreciaciones subjetivas, ya es historia. <strong>Vivimos en la era de la medici\u00f3n y de la toma de decisiones basadas en los datos.<\/strong>[\/vc_column_text][\/vc_column][\/vc_row][\/vc_section][vc_section full_width=\u00bbstretch_row\u00bb css=\u00bb.vc_custom_1669978937102{background-position: 0 0 !important;background-repeat: no-repeat !important;}\u00bb el_class=\u00bbsec-110&#8243;][vc_row][vc_column]<h3 class=\"vcex-heading vcex-module wpex-text-2xl wpex-font-normal wpex-m-auto wpex-max-w-100 vcex-heading-plain wpex-block wpex-text-center tip-130 recoletablack\"><span class=\"vcex-heading-inner wpex-inline-block wpex-clr\">\u201cIn god we trust, the rest, bring me data\u201d<\/span><\/h3>[\/vc_column][\/vc_row][\/vc_section][vc_section full_width=\u00bbstretch_row\u00bb css=\u00bb.vc_custom_1669978590540{background-position: 0 0 !important;background-repeat: no-repeat !important;}\u00bb el_class=\u00bbsec-150&#8243;][vc_row content_placement=\u00bbmiddle\u00bb][vc_column width=\u00bb1\/2&#8243;]<h3 class=\"vcex-heading vcex-module wpex-text-2xl wpex-font-normal wpex-m-auto wpex-max-w-100 vcex-heading-plain wpex-block tip-55-60 mb-50 bold\"><span class=\"vcex-heading-inner wpex-inline-block wpex-clr\">Identificaci\u00f3n de todas las fuentes de datos<\/span><\/h3>[vc_column_text]Amazon es conocido por su intensa cultura de toma de decisiones basada en datos. Tanto es as\u00ed que se suele decir que \u201cAmazon seguir\u00e1 siendo como es hoy a no ser que los datos digan lo contrario\u201d.<\/p>\n<p>En Brainy Commerce hemos puesto el foco desde nuestra fundaci\u00f3n en <strong>identificar todas las fuentes de datos disponibles en las diferentes plataformas<\/strong> de Amazon. Hemos desarrollado los m\u00e9todos para automatizar el acceso y la bajada de la informaci\u00f3n.[\/vc_column_text][\/vc_column][vc_column width=\u00bb1\/2&#8243; el_class=\u00bbpl-10 pl-0-mvl\u00bb]<figure class=\"vcex-image vcex-module wpex-clr\"><div class=\"vcex-image-inner wpex-relative wpex-inline-block\"><img decoding=\"async\" width=\"9999\" height=\"1200\" src=\"https:\/\/www.brainycommerce.com\/wp-content\/uploads\/2022\/12\/icon1.svg\" class=\"wpex-align-middle\" alt=\"\" loading=\"lazy\" \/><\/div><\/figure>[\/vc_column][\/vc_row][\/vc_section][vc_section full_width=\u00bbstretch_row\u00bb css=\u00bb.vc_custom_1669979032372{background-color: #133641 !important;background-position: 0 0 !important;background-repeat: no-repeat !important;}\u00bb el_class=\u00bbsec-150&#8243;][vc_row content_placement=\u00bbmiddle\u00bb typography_style=\u00bbwhite\u00bb][vc_column width=\u00bb1\/2&#8243;]<h2 class=\"vcex-heading vcex-module wpex-text-2xl wpex-font-normal wpex-m-auto wpex-max-w-100 vcex-heading-plain wpex-block tip-130 recoletablack\"><span class=\"vcex-heading-inner wpex-inline-block wpex-clr\">Business<br \/>\nIntelligence<\/span><\/h2>[\/vc_column][vc_column width=\u00bb1\/2&#8243; el_class=\u00bbpl-10 pl-0-mvl\u00bb][vc_column_text]Disponemos de nuestra propia plataforma de Business Intelligence que obtiene de Amazon, v\u00eda sus API\u00b4s, toda la informaci\u00f3n relevante de nuestros vendedores. <a href=\"https:\/\/www.brainycommerce.com\/es\/baip\/\"><span class=\"bold naranja\">Preg\u00fantanos por BAIP<\/span><\/a> (Brainy Amazon Information Platform).<\/p>\n<p>No concebimos arrancar ni desarrollar un proyecto sin datos. Queremos que sean ellos los que marquen nuestras recomendaciones y no nuestras opiniones.[\/vc_column_text][\/vc_column][\/vc_row][\/vc_section][vc_section full_width=\u00bbstretch_row\u00bb css=\u00bb.vc_custom_1669979170508{background-position: 0 0 !important;background-repeat: no-repeat !important;}\u00bb el_class=\u00bbsec-150&#8243;][vc_row content_placement=\u00bbmiddle\u00bb][vc_column width=\u00bb1\/2&#8243;]<h3 class=\"vcex-heading vcex-module wpex-text-2xl wpex-font-normal wpex-m-auto wpex-max-w-100 vcex-heading-plain wpex-block tip-130 recoletablack mb-20\"><span class=\"vcex-heading-inner wpex-inline-block wpex-clr\">Estudios de Categor\u00edas y Subcategor\u00edas<\/span><\/h3><h3 class=\"vcex-heading vcex-module wpex-text-2xl wpex-font-normal wpex-m-auto wpex-max-w-100 vcex-heading-plain wpex-block tip-55-60 mb-50 bold\"><span class=\"vcex-heading-inner wpex-inline-block wpex-clr\">deja de trabajar en un pasillo a ciegas<\/span><\/h3><a href=\"https:\/\/www.brainycommerce.com\/es\/contacto\/\" class=\"vcex-button theme-txt-link inline btn-brainy naranja\"><span class=\"theme-button-inner\">Preg\u00fantanos por nuestros \u00abEstudios de Subcategor\u00edas en Amazon\u00bb<\/span><\/a> <div class=\"vcex-spacing wpex-w-100 wpex-clear visible-phone\" style=\"height:40px;\"><\/div>[\/vc_column][vc_column width=\u00bb1\/2&#8243; el_class=\u00bbpl-10 pl-0-mvl\u00bb][vc_column_text]En el <strong>antiguo retail<\/strong>, existen compa\u00f1\u00edas de investigaci\u00f3n de mercados que ofrecen datos peri\u00f3dicos sobre el comportamiento y evoluci\u00f3n de las ventas de las diferentes categor\u00edas y subcategor\u00edas.<\/p>\n<p>En el <strong>nuevo retail<\/strong> marcado por la <strong>era digital<\/strong> y en especial en un Amazon donde no hay l\u00edmite de espacio en sus lineales, no es sencillo acceder a esta informaci\u00f3n.<\/p>\n<p>En <strong>Brainy Commerce<\/strong> <strong>hemos desarrollado una metodolog\u00eda<\/strong> que permite a nuestros clientes disponer de mucha <strong>informaci\u00f3n<\/strong> sobre lo que est\u00e1 pasando en sus pasillos en relaci\u00f3n a variables tan importantes como los <strong>competidores,<\/strong> los <strong>cat\u00e1logos,<\/strong> la <strong>pol\u00edtica<\/strong> de <strong>precios,<\/strong> la <strong>opini\u00f3n de los consumidores<\/strong> o las <strong>estimaciones<\/strong> <strong>y evoluci\u00f3n de las ventas<\/strong>.[\/vc_column_text][\/vc_column][\/vc_row][\/vc_section][vc_section full_width=\u00bbstretch_row\u00bb css=\u00bb.vc_custom_1669980118566{background-image: url(https:\/\/www.brainycommerce.com\/wp-content\/uploads\/2022\/12\/bg-auditoria-previa-scaled.jpg?id=339) !important;background-position: center !important;background-repeat: no-repeat !important;background-size: cover !important;}\u00bb el_class=\u00bbsec-150&#8243;][vc_row content_placement=\u00bbmiddle\u00bb columns_right=\u00bbyes\u00bb typography_style=\u00bbwhite\u00bb][vc_column width=\u00bb1\/2&#8243; el_class=\u00bbpl-10 pl-0-mvl\u00bb]<h3 class=\"vcex-heading vcex-module wpex-text-2xl wpex-font-normal wpex-m-auto wpex-max-w-100 vcex-heading-plain wpex-block tip-130 recoletablack mb-20\"><span class=\"vcex-heading-inner wpex-inline-block wpex-clr\">Auditor\u00eda Previa<\/span><\/h3><h3 class=\"vcex-heading vcex-module wpex-text-2xl wpex-font-normal wpex-m-auto wpex-max-w-100 vcex-heading-plain wpex-block tip-55-60 mb-50 bold\"><span class=\"vcex-heading-inner wpex-inline-block wpex-clr\">te contamos c\u00f3mo lo vemos<\/span><\/h3>[\/vc_column][vc_column width=\u00bb1\/2&#8243;][vc_column_text]Es probable que cuando contactes con Brainy Commerce, hayas comenzado ya a vender en Amazon y vengas en busca de ayuda.<\/p>\n<p>No se trata de empezar desde cero si no de mejorar lo que has hecho hasta ahora y continuar. Amazon no te lo acabas\u2026<\/p>\n<p>Analizaremos lo realizado hasta ahora y te haremos las primeras recomendaciones basadas en un an\u00e1lisis de datos.[\/vc_column_text][\/vc_column][\/vc_row][\/vc_section][vc_section full_width=\u00bbstretch_row\u00bb css=\u00bb.vc_custom_1669979170508{background-position: 0 0 !important;background-repeat: no-repeat !important;}\u00bb el_class=\u00bbsec-150&#8243;][vc_row content_placement=\u00bbmiddle\u00bb][vc_column]<h2 class=\"vcex-heading vcex-module wpex-text-2xl wpex-font-normal wpex-m-auto wpex-max-w-100 vcex-heading-plain wpex-block tip-130 recoletablack mb-70\"><span class=\"vcex-heading-inner wpex-inline-block wpex-clr\">Business Case<\/span><\/h2>[\/vc_column][\/vc_row][vc_row][vc_column width=\u00bb1\/2&#8243;][vc_column_text]<strong>Antes de nada, hagamos n\u00fameros<\/strong>. Si, vender en Marketplaces es un enorme reto y lograr posicionar nuestros productos para que cada vez se vean y se vendan m\u00e1s, es una labor que requiere de una buena estrategia y mucha inversi\u00f3n. Una inversi\u00f3n que har\u00e1 mella en nuestros m\u00e1rgenes comerciales.<\/p>\n<p><strong>Calculemos costes y definamos la mejor estrategia<\/strong> en busca de las ventas y de la rentabilidad.[\/vc_column_text][\/vc_column][vc_column width=\u00bb1\/2&#8243; el_class=\u00bbpl-10 pl-0-mvl\u00bb][vc_column_text]Nuestros equipos trabajan con la <strong>metodolog\u00eda OKRs<\/strong> (objectives and key results). Te preguntaremos por tus objetivos, te ayudaremos a acabar de definirlos de forma precisa y estableceremos los resultados clave que tenemos que ir logrando para conseguirlos.[\/vc_column_text][\/vc_column][\/vc_row][\/vc_section]\n","protected":false},"excerpt":{"rendered":"<p>[vc_section full_width=\u00bbstretch_row\u00bb css=\u00bb.vc_custom_1669978590540{background-position: 0 0 !important;background-repeat: no-repeat !important;}\u00bb el_class=\u00bbsec-150&#8243;][vc_row content_placement=\u00bbmiddle\u00bb][vc_column width=\u00bb1\/2&#8243;][\/vc_column][vc_column width=\u00bb1\/2&#8243; el_class=\u00bbpl-10 pl-0-mvl\u00bb][vc_column_text]Un nuevo retail que se caracteriza, por encima de su naturaleza digital, por el acceso a los datos. La \u00e9poca en la que las decisiones de negocio se sosten\u00edan con intuiciones o apreciaciones subjetivas, ya es historia. Vivimos en la era de&hellip;<\/p>\n","protected":false},"author":6,"featured_media":2195,"parent":57,"menu_order":0,"comment_status":"closed","ping_status":"closed","template":"","meta":{"content-type":"","inline_featured_image":false,"footnotes":""},"class_list":["post-323","page","type-page","status-publish","has-post-thumbnail","hentry","entry","has-media"],"acf":[],"_links":{"self":[{"href":"https:\/\/www.brainycommerce.com\/es\/wp-json\/wp\/v2\/pages\/323","targetHints":{"allow":["GET"]}}],"collection":[{"href":"https:\/\/www.brainycommerce.com\/es\/wp-json\/wp\/v2\/pages"}],"about":[{"href":"https:\/\/www.brainycommerce.com\/es\/wp-json\/wp\/v2\/types\/page"}],"author":[{"embeddable":true,"href":"https:\/\/www.brainycommerce.com\/es\/wp-json\/wp\/v2\/users\/6"}],"replies":[{"embeddable":true,"href":"https:\/\/www.brainycommerce.com\/es\/wp-json\/wp\/v2\/comments?post=323"}],"version-history":[{"count":42,"href":"https:\/\/www.brainycommerce.com\/es\/wp-json\/wp\/v2\/pages\/323\/revisions"}],"predecessor-version":[{"id":2948,"href":"https:\/\/www.brainycommerce.com\/es\/wp-json\/wp\/v2\/pages\/323\/revisions\/2948"}],"up":[{"embeddable":true,"href":"https:\/\/www.brainycommerce.com\/es\/wp-json\/wp\/v2\/pages\/57"}],"wp:featuredmedia":[{"embeddable":true,"href":"https:\/\/www.brainycommerce.com\/es\/wp-json\/wp\/v2\/media\/2195"}],"wp:attachment":[{"href":"https:\/\/www.brainycommerce.com\/es\/wp-json\/wp\/v2\/media?parent=323"}],"curies":[{"name":"wp","href":"https:\/\/api.w.org\/{rel}","templated":true}]}}