{"id":236,"date":"2022-11-22T12:23:35","date_gmt":"2022-11-22T11:23:35","guid":{"rendered":"https:\/\/site.iconmarketing.es\/brainy\/?page_id=236"},"modified":"2023-05-25T11:39:05","modified_gmt":"2023-05-25T09:39:05","slug":"agencia-acreditada-amazon","status":"publish","type":"page","link":"https:\/\/www.brainycommerce.com\/es\/nosotros\/agencia-acreditada-amazon\/","title":{"rendered":"Colaboradores Acreditados de Amazon"},"content":{"rendered":"[vc_section full_width=\u00bbstretch_row\u00bb css=\u00bb.vc_custom_1671021326092{background-position: 0 0 !important;background-repeat: no-repeat !important;}\u00bb el_class=\u00bbsec-150-140&#8243;][vc_row][vc_column]<h2 class=\"vcex-heading vcex-module wpex-text-2xl wpex-font-normal wpex-m-auto wpex-max-w-100 vcex-heading-plain wpex-block tip-130-140 recoletablack mb-70\"><span class=\"vcex-heading-inner wpex-inline-block wpex-clr\">Certificaciones oficiales<\/span><\/h2>[\/vc_column][\/vc_row][vc_row][vc_column width=\u00bb5\/12&#8243;][vc_column_text]<span style=\"font-weight: 400;\">Son <\/span><b>credenciales reconocidas y valoradas por el sector<\/b><span style=\"font-weight: 400;\"> que se conceden por tiempo limitado y por tanto requieren de <\/span><b>permanente formaci\u00f3n y pr\u00e1ctica<\/b><span style=\"font-weight: 400;\"> para poder estar al d\u00eda y poder examinarse peri\u00f3dicamente para renovar su validez.<\/span>[\/vc_column_text][\/vc_column][vc_column width=\u00bb2\/12&#8243;][\/vc_column][vc_column width=\u00bb5\/12&#8243;][vc_column_text]<span style=\"font-weight: 400;\">Todos los miembros del equipo de Brainy Commerce <\/span><b>estamos recibiendo constantemente formaci\u00f3n y renovando estas certificaciones.<\/b>[\/vc_column_text][\/vc_column][\/vc_row][\/vc_section][vc_section full_width=\u00bbstretch_row\u00bb css=\u00bb.vc_custom_1669115638705{background-position: 0 0 !important;background-repeat: no-repeat !important;}\u00bb el_class=\u00bbsec-150&#8243;][vc_row][vc_column]<div class=\"vcex-grid-container vcex-module wpex-grid wpex-gap-20 wpex-grid-cols-1 wpex-lg-grid-cols-3 wpex-justify-items-center grilla1\"><div class=\"vcex-module vcex-icon-box vcex-icon-box-two wpex-relative wpex-text-center\"><div class=\"vcex-icon-box-symbol wpex-mb-20\"><img decoding=\"async\" width=\"400\" height=\"400\" src=\"https:\/\/www.brainycommerce.com\/wp-content\/uploads\/2023\/02\/Amazon-Advertising-Campaign-Planning-Certification-4.png\" class=\"vcex-icon-box-image wpex-align-middle\" alt=\"\" loading=\"lazy\" srcset=\"https:\/\/www.brainycommerce.com\/wp-content\/uploads\/2023\/02\/Amazon-Advertising-Campaign-Planning-Certification-4.png 400w, https:\/\/www.brainycommerce.com\/wp-content\/uploads\/2023\/02\/Amazon-Advertising-Campaign-Planning-Certification-4-300x300.png 300w, https:\/\/www.brainycommerce.com\/wp-content\/uploads\/2023\/02\/Amazon-Advertising-Campaign-Planning-Certification-4-150x150.png 150w\" sizes=\"auto, (max-width: 400px) 100vw, 400px\" \/><\/div><div class=\"vcex-icon-box-text\"><div class=\"vcex-icon-box-content wpex-last-mb-0 wpex-clr\"><p>Amazon Advertising Campaign<br \/>\nPlanning Certification<\/p>\n<\/div><\/div><\/div><div class=\"vcex-module vcex-icon-box vcex-icon-box-two wpex-relative wpex-text-center\"><div class=\"vcex-icon-box-symbol wpex-mb-20\"><img decoding=\"async\" width=\"400\" height=\"400\" src=\"https:\/\/www.brainycommerce.com\/wp-content\/uploads\/2023\/02\/Amazon-Advertising-Foundations-Certification.png\" class=\"vcex-icon-box-image wpex-align-middle\" alt=\"\" loading=\"lazy\" srcset=\"https:\/\/www.brainycommerce.com\/wp-content\/uploads\/2023\/02\/Amazon-Advertising-Foundations-Certification.png 400w, https:\/\/www.brainycommerce.com\/wp-content\/uploads\/2023\/02\/Amazon-Advertising-Foundations-Certification-300x300.png 300w, https:\/\/www.brainycommerce.com\/wp-content\/uploads\/2023\/02\/Amazon-Advertising-Foundations-Certification-150x150.png 150w\" sizes=\"auto, (max-width: 400px) 100vw, 400px\" \/><\/div><div class=\"vcex-icon-box-text\"><div class=\"vcex-icon-box-content wpex-last-mb-0 wpex-clr\"><p>Amazon Advertising Foundations<br \/>\nCertification<\/p>\n<\/div><\/div><\/div><div class=\"vcex-module vcex-icon-box vcex-icon-box-two wpex-relative wpex-text-center\"><div class=\"vcex-icon-box-symbol wpex-mb-20\"><img decoding=\"async\" width=\"400\" height=\"400\" src=\"https:\/\/www.brainycommerce.com\/wp-content\/uploads\/2023\/02\/Sponsored-ads-certification.png\" class=\"vcex-icon-box-image wpex-align-middle\" alt=\"\" loading=\"lazy\" srcset=\"https:\/\/www.brainycommerce.com\/wp-content\/uploads\/2023\/02\/Sponsored-ads-certification.png 400w, https:\/\/www.brainycommerce.com\/wp-content\/uploads\/2023\/02\/Sponsored-ads-certification-300x300.png 300w, https:\/\/www.brainycommerce.com\/wp-content\/uploads\/2023\/02\/Sponsored-ads-certification-150x150.png 150w\" sizes=\"auto, (max-width: 400px) 100vw, 400px\" \/><\/div><div class=\"vcex-icon-box-text\"><div class=\"vcex-icon-box-content wpex-last-mb-0 wpex-clr\"><p>Amazon Sponsored Ads<br \/>\nCertification<\/p>\n<\/div><\/div><\/div><div class=\"vcex-module vcex-icon-box vcex-icon-box-two wpex-relative wpex-text-center\"><div class=\"vcex-icon-box-symbol wpex-mb-20\"><img decoding=\"async\" width=\"400\" height=\"400\" src=\"https:\/\/www.brainycommerce.com\/wp-content\/uploads\/2023\/02\/Amazon-DSP-Campaigns-Certification.png\" class=\"vcex-icon-box-image wpex-align-middle\" alt=\"\" loading=\"lazy\" srcset=\"https:\/\/www.brainycommerce.com\/wp-content\/uploads\/2023\/02\/Amazon-DSP-Campaigns-Certification.png 400w, https:\/\/www.brainycommerce.com\/wp-content\/uploads\/2023\/02\/Amazon-DSP-Campaigns-Certification-300x300.png 300w, https:\/\/www.brainycommerce.com\/wp-content\/uploads\/2023\/02\/Amazon-DSP-Campaigns-Certification-150x150.png 150w\" sizes=\"auto, (max-width: 400px) 100vw, 400px\" \/><\/div><div class=\"vcex-icon-box-text\"><div class=\"vcex-icon-box-content wpex-last-mb-0 wpex-clr\"><p>Amazon DSP Campaigns<br \/>\nCertification<\/p>\n<\/div><\/div><\/div><div class=\"vcex-module vcex-icon-box vcex-icon-box-two wpex-relative wpex-text-center\"><div class=\"vcex-icon-box-symbol wpex-mb-20\"><img decoding=\"async\" width=\"400\" height=\"400\" src=\"https:\/\/www.brainycommerce.com\/wp-content\/uploads\/2023\/02\/Amazon-Retail-for-Advertisers-Certification.png\" class=\"vcex-icon-box-image wpex-align-middle\" alt=\"\" loading=\"lazy\" srcset=\"https:\/\/www.brainycommerce.com\/wp-content\/uploads\/2023\/02\/Amazon-Retail-for-Advertisers-Certification.png 400w, https:\/\/www.brainycommerce.com\/wp-content\/uploads\/2023\/02\/Amazon-Retail-for-Advertisers-Certification-300x300.png 300w, https:\/\/www.brainycommerce.com\/wp-content\/uploads\/2023\/02\/Amazon-Retail-for-Advertisers-Certification-150x150.png 150w\" sizes=\"auto, (max-width: 400px) 100vw, 400px\" \/><\/div><div class=\"vcex-icon-box-text\"><div class=\"vcex-icon-box-content wpex-last-mb-0 wpex-clr\"><p>Amazon Retail for Advertisers<br \/>\nCertification<\/p>\n<\/div><\/div><\/div><div class=\"vcex-module vcex-icon-box vcex-icon-box-two wpex-relative wpex-text-center\"><div class=\"vcex-icon-box-symbol wpex-mb-20\"><img decoding=\"async\" width=\"400\" height=\"400\" src=\"https:\/\/www.brainycommerce.com\/wp-content\/uploads\/2023\/02\/Sizmek-Ad-Suite-certification.png\" class=\"vcex-icon-box-image wpex-align-middle\" alt=\"\" loading=\"lazy\" srcset=\"https:\/\/www.brainycommerce.com\/wp-content\/uploads\/2023\/02\/Sizmek-Ad-Suite-certification.png 400w, https:\/\/www.brainycommerce.com\/wp-content\/uploads\/2023\/02\/Sizmek-Ad-Suite-certification-300x300.png 300w, https:\/\/www.brainycommerce.com\/wp-content\/uploads\/2023\/02\/Sizmek-Ad-Suite-certification-150x150.png 150w\" sizes=\"auto, (max-width: 400px) 100vw, 400px\" \/><\/div><div class=\"vcex-icon-box-text\"><div class=\"vcex-icon-box-content wpex-last-mb-0 wpex-clr\"><p>Sizmek Ad Suite<br \/>\nCertification<\/p>\n<\/div><\/div><\/div><\/div>[\/vc_column][\/vc_row][\/vc_section][vc_section full_width=\u00bbstretch_row\u00bb content_placement=\u00bbmiddle\u00bb css=\u00bb.vc_custom_1677000032118{background-color: #4b8e87 !important;}\u00bb el_class=\u00bbsec-150&#8243;][vc_row content_placement=\u00bbmiddle\u00bb gap=\u00bb4&#8243; typography_style=\u00bbwhite\u00bb][vc_column width=\u00bb2\/3&#8243; el_class=\u00bbsec-70 pr-3&#8243;]<h2 class=\"vcex-heading vcex-module wpex-text-2xl wpex-font-normal wpex-m-auto wpex-max-w-100 vcex-heading-plain wpex-block tip-130-140 recoletablack\"><span class=\"vcex-heading-inner wpex-inline-block wpex-clr\">Amazon Verified Partner<\/span><\/h2>[vc_column_text]<span style=\"font-weight: 400;\">Estamos acreditados por Amazon como <\/span><b>Verified Partner<\/b><span style=\"font-weight: 400;\">, formando parte de un grupo de agencias especializadas e independientes que ayudan a las marcas a vender y alcanzar sus objetivos comerciales a trav\u00e9s de <\/span><b>Amazon Advertising<\/b><span style=\"font-weight: 400;\">.<\/span><\/p>\n<p>\u00a1Encu\u00e9ntranos en el <b><a href=\"https:\/\/advertising.amazon.com\/es-es\/partners\/directory\/details\/amzn1.ads1.ma1.9cwawsv8ppt2hh09sgh2niyns\/Brainy-Commerce\" target=\"_blank\" rel=\"noopener\">listado de Agencias Oficiales de Amazon<\/a><\/b>![\/vc_column_text][\/vc_column][vc_column width=\u00bb1\/3&#8243;]<figure class=\"vcex-image vcex-module wpex-clr textright\"><div class=\"vcex-image-inner wpex-relative wpex-inline-block\"><img decoding=\"async\" width=\"1004\" height=\"766\" src=\"https:\/\/www.brainycommerce.com\/wp-content\/uploads\/2022\/11\/amazon-ads.png\" class=\"wpex-align-middle\" alt=\"\" loading=\"lazy\" srcset=\"https:\/\/www.brainycommerce.com\/wp-content\/uploads\/2022\/11\/amazon-ads.png 1004w, https:\/\/www.brainycommerce.com\/wp-content\/uploads\/2022\/11\/amazon-ads-300x229.png 300w, https:\/\/www.brainycommerce.com\/wp-content\/uploads\/2022\/11\/amazon-ads-768x586.png 768w, https:\/\/www.brainycommerce.com\/wp-content\/uploads\/2022\/11\/amazon-ads-800x610.png 800w\" sizes=\"auto, (max-width: 1004px) 100vw, 1004px\" \/><\/div><\/figure>[\/vc_column][\/vc_row][\/vc_section][vc_section full_width=\u00bbstretch_row\u00bb content_placement=\u00bbmiddle\u00bb css=\u00bb.vc_custom_1676998741150{background-color: #f07400 !important;}\u00bb el_class=\u00bbsec-150&#8243;][vc_row content_placement=\u00bbmiddle\u00bb gap=\u00bb4&#8243; typography_style=\u00bbwhite\u00bb][vc_column width=\u00bb1\/3&#8243;]<figure class=\"vcex-image vcex-module wpex-clr textleft\"><div class=\"vcex-image-inner wpex-relative wpex-inline-block\"><img decoding=\"async\" width=\"1000\" height=\"349\" src=\"https:\/\/www.brainycommerce.com\/wp-content\/uploads\/2023\/02\/Amazon-SPN.webp\" class=\"wpex-align-middle\" alt=\"\" loading=\"lazy\" srcset=\"https:\/\/www.brainycommerce.com\/wp-content\/uploads\/2023\/02\/Amazon-SPN.webp 1000w, https:\/\/www.brainycommerce.com\/wp-content\/uploads\/2023\/02\/Amazon-SPN-300x105.webp 300w, https:\/\/www.brainycommerce.com\/wp-content\/uploads\/2023\/02\/Amazon-SPN-768x268.webp 768w, https:\/\/www.brainycommerce.com\/wp-content\/uploads\/2023\/02\/Amazon-SPN-800x279.webp 800w\" sizes=\"auto, (max-width: 1000px) 100vw, 1000px\" \/><\/div><\/figure>[\/vc_column][vc_column width=\u00bb2\/3&#8243; el_class=\u00bbsec-70 pr-3&#8243;]<h2 class=\"vcex-heading vcex-module wpex-text-2xl wpex-font-normal wpex-m-auto wpex-max-w-100 vcex-heading-plain wpex-block wpex-text-left tip-130-140 recoletablack\"><span class=\"vcex-heading-inner wpex-inline-block wpex-clr\">Amazon Service Provider<\/span><\/h2>[vc_column_text]<span style=\"font-weight: 400;\">Estamos reconocidos como una agencia acreditada de Amazon que ofrece sus servicios a las marcas para poder vender en su Marketplace.<\/span>[\/vc_column_text][\/vc_column][\/vc_row][\/vc_section][vc_section full_width=\u00bbstretch_row\u00bb css=\u00bb.vc_custom_1671118552935{background-position: 0 0 !important;background-repeat: no-repeat !important;}\u00bb el_class=\u00bbsec-150 pl-0 pr-0 sec-150-mvl\u00bb][vc_row content_placement=\u00bbmiddle\u00bb][vc_column width=\u00bb1\/2&#8243;]<div class=\"vcex-module wpex-carousel wpex-carousel-blog wpex-clr owl-carousel arrwstyle-default informacion acreditaciones\" data-wpex-carousel=\"{&quot;center&quot;:&quot;true&quot;,&quot;smartSpeed&quot;:500,&quot;items&quot;:1,&quot;margin&quot;:30,&quot;itemsTablet&quot;:1,&quot;itemsMobileLandscape&quot;:1}\"><div class=\"wpex-carousel-slide wpex-clr has-media\"><div class=\"wpex-carousel-entry-media entry-media overlay-parent overlay-parent-title-date-hover overlay-h wpex-overflow-hidden overlay-ms wpex-mb-20\"><a href=\"https:\/\/www.brainycommerce.com\/es\/info\/participamos-en-el-planea-prepara-prime-day-como-agencia-invitada\/\" title=\"Participamos en el \u201cPlanea. Prepara. Prime Day\u201d como agencia invitada\" class=\"wpex-carousel-entry-img\"><img loading=\"lazy\" decoding=\"async\" width=\"2444\" height=\"1366\" src=\"https:\/\/www.brainycommerce.com\/wp-content\/uploads\/2022\/06\/primeday.jpeg\" class=\"wpex-align-middle skip-lazy\" alt=\"\" data-no-lazy=\"1\" srcset=\"https:\/\/www.brainycommerce.com\/wp-content\/uploads\/2022\/06\/primeday.jpeg 2444w, https:\/\/www.brainycommerce.com\/wp-content\/uploads\/2022\/06\/primeday-300x168.jpeg 300w, https:\/\/www.brainycommerce.com\/wp-content\/uploads\/2022\/06\/primeday-1024x572.jpeg 1024w, https:\/\/www.brainycommerce.com\/wp-content\/uploads\/2022\/06\/primeday-768x429.jpeg 768w, https:\/\/www.brainycommerce.com\/wp-content\/uploads\/2022\/06\/primeday-1536x859.jpeg 1536w, https:\/\/www.brainycommerce.com\/wp-content\/uploads\/2022\/06\/primeday-2048x1145.jpeg 2048w, https:\/\/www.brainycommerce.com\/wp-content\/uploads\/2022\/06\/primeday-800x447.jpeg 800w\" sizes=\"auto, (max-width: 2444px) 100vw, 2444px\" \/>\n<div class=\"overlay-title-date-hover overlay-hide theme-overlay wpex-absolute wpex-inset-0 wpex-transition-all wpex-duration-300 wpex-overflow-hidden wpex-flex wpex-items-center wpex-justify-center wpex-text-center\">\n\t<div class=\"overlay-bg wpex-bg-black wpex-absolute wpex-inset-0 wpex-opacity-60\"><\/div>\n\t<div class=\"overlay-content overlay-scale wpex-relative wpex-text-white wpex-p-15 wpex-duration-300 wpex-transition-transform wpex-clr\">\n\t\t<div class=\"overlay-title wpex-text-lg\">Participamos en el \u201cPlanea. Prepara. Prime Day\u201d como agencia invitada<\/div>\n\t\t<div class=\"overlay-date wpex-opacity-80 wpex-italic\">1 de junio de 2022<\/div>\n\t<\/div>\n<\/div><\/a><\/div><\/div><div class=\"wpex-carousel-slide wpex-clr has-media\"><div class=\"wpex-carousel-entry-media entry-media overlay-parent overlay-parent-title-date-hover overlay-h wpex-overflow-hidden overlay-ms wpex-mb-20\"><a href=\"https:\/\/www.brainycommerce.com\/es\/info\/brainy-commerce-seleccionado-como-agencia-global-para-participar-en-la-cumbre-de-amazon-advertising-2\/\" title=\"Brainy Commerce participar\u00e1 en la cumbre de Amazon Advertising\" class=\"wpex-carousel-entry-img\"><img loading=\"lazy\" decoding=\"async\" width=\"2560\" height=\"1440\" src=\"https:\/\/www.brainycommerce.com\/wp-content\/uploads\/2021\/10\/Virtual-Summit-partner-promotion.jpg\" class=\"wpex-align-middle skip-lazy\" alt=\"\" data-no-lazy=\"1\" srcset=\"https:\/\/www.brainycommerce.com\/wp-content\/uploads\/2021\/10\/Virtual-Summit-partner-promotion.jpg 2560w, https:\/\/www.brainycommerce.com\/wp-content\/uploads\/2021\/10\/Virtual-Summit-partner-promotion-300x169.jpg 300w, https:\/\/www.brainycommerce.com\/wp-content\/uploads\/2021\/10\/Virtual-Summit-partner-promotion-1024x576.jpg 1024w, https:\/\/www.brainycommerce.com\/wp-content\/uploads\/2021\/10\/Virtual-Summit-partner-promotion-768x432.jpg 768w, https:\/\/www.brainycommerce.com\/wp-content\/uploads\/2021\/10\/Virtual-Summit-partner-promotion-1536x864.jpg 1536w, https:\/\/www.brainycommerce.com\/wp-content\/uploads\/2021\/10\/Virtual-Summit-partner-promotion-2048x1152.jpg 2048w, https:\/\/www.brainycommerce.com\/wp-content\/uploads\/2021\/10\/Virtual-Summit-partner-promotion-800x450.jpg 800w\" sizes=\"auto, (max-width: 2560px) 100vw, 2560px\" \/>\n<div class=\"overlay-title-date-hover overlay-hide theme-overlay wpex-absolute wpex-inset-0 wpex-transition-all wpex-duration-300 wpex-overflow-hidden wpex-flex wpex-items-center wpex-justify-center wpex-text-center\">\n\t<div class=\"overlay-bg wpex-bg-black wpex-absolute wpex-inset-0 wpex-opacity-60\"><\/div>\n\t<div class=\"overlay-content overlay-scale wpex-relative wpex-text-white wpex-p-15 wpex-duration-300 wpex-transition-transform wpex-clr\">\n\t\t<div class=\"overlay-title wpex-text-lg\">Brainy Commerce participar\u00e1 en la cumbre de Amazon Advertising<\/div>\n\t\t<div class=\"overlay-date wpex-opacity-80 wpex-italic\">27 de octubre de 2021<\/div>\n\t<\/div>\n<\/div><\/a><\/div><\/div><\/div><div class=\"vcex-spacing wpex-w-100 wpex-clear visible-phone\" style=\"height:40px;\"><\/div>[\/vc_column][vc_column width=\u00bb1\/2&#8243; el_class=\u00bbpr-5 pl-5&#8243;]<h2 class=\"vcex-heading vcex-module wpex-text-2xl wpex-font-normal wpex-m-auto wpex-max-w-100 vcex-heading-plain wpex-block tip-130-140 recoletablack\"><span class=\"vcex-heading-inner wpex-inline-block wpex-clr\">Cumbres de Amazon<\/span><\/h2><h3 class=\"vcex-heading vcex-module wpex-text-2xl wpex-font-normal wpex-m-auto wpex-max-w-100 vcex-heading-plain wpex-block tip-55-60 bold mb-50\"><span class=\"vcex-heading-inner wpex-inline-block wpex-clr\">Agencia Colaboradora<\/span><\/h3>[vc_column_text]Hemos tenido el honor de ser elegidos en varias ocasiones como<a href=\"https:\/\/www.brainycommerce.com\/es\/info\/marketing-efficiency\/\"> agencia colaboradora<\/a> en importantes eventos de formaci\u00f3n para sus clientes.[\/vc_column_text][\/vc_column][\/vc_row][\/vc_section][vc_section full_width=\u00bbstretch_row\u00bb content_placement=\u00bbmiddle\u00bb css=\u00bb.vc_custom_1669120413718{background-color: #e2d7cc !important;}\u00bb el_class=\u00bbpr-0 pl-0&#8243;][vc_row content_placement=\u00bbmiddle\u00bb][vc_column width=\u00bb7\/12&#8243; el_class=\u00bbsec-70 pr-10 pl-10&#8243;]<h2 class=\"vcex-heading vcex-module wpex-text-2xl wpex-font-normal wpex-m-auto wpex-max-w-100 vcex-heading-plain wpex-block tip-130-140 recoletablack mb-50\"><span class=\"vcex-heading-inner wpex-inline-block wpex-clr\">Casos<br \/>\nde \u00e9xito<\/span><\/h2>[vc_column_text]Gracias al permiso y colaboraci\u00f3n de clientes como DCOOP, el mayor productor de aceite de oliva del mundo, hemos publicado <a href=\"https:\/\/advertising.amazon.com\/es-es\/library\/case-studies\/brainy-commerce-dcoop\" target=\"_blank\" rel=\"noopener\">casos de \u00e9xito<\/a> para mostrar c\u00f3mo logramos, gracias a las herramientas de marketing de Amazon Ads, ser en 18 meses el aceite de oliva m\u00e1s vendido en Amazon.es[\/vc_column_text][\/vc_column][vc_column width=\u00bb5\/12&#8243;]<figure class=\"vcex-image vcex-module wpex-clr\"><div class=\"vcex-image-inner wpex-relative wpex-inline-block\"><img decoding=\"async\" width=\"1548\" height=\"1904\" src=\"https:\/\/www.brainycommerce.com\/wp-content\/uploads\/2022\/11\/bg-casos-exito.jpg\" class=\"wpex-align-middle\" alt=\"\" loading=\"lazy\" srcset=\"https:\/\/www.brainycommerce.com\/wp-content\/uploads\/2022\/11\/bg-casos-exito.jpg 1548w, https:\/\/www.brainycommerce.com\/wp-content\/uploads\/2022\/11\/bg-casos-exito-244x300.jpg 244w, https:\/\/www.brainycommerce.com\/wp-content\/uploads\/2022\/11\/bg-casos-exito-833x1024.jpg 833w, https:\/\/www.brainycommerce.com\/wp-content\/uploads\/2022\/11\/bg-casos-exito-768x945.jpg 768w, https:\/\/www.brainycommerce.com\/wp-content\/uploads\/2022\/11\/bg-casos-exito-1249x1536.jpg 1249w, https:\/\/www.brainycommerce.com\/wp-content\/uploads\/2022\/11\/bg-casos-exito-650x800.jpg 650w\" sizes=\"auto, (max-width: 1548px) 100vw, 1548px\" \/><\/div><\/figure>[\/vc_column][\/vc_row][\/vc_section]\n","protected":false},"excerpt":{"rendered":"<p>[vc_section full_width=\u00bbstretch_row\u00bb css=\u00bb.vc_custom_1671021326092{background-position: 0 0 !important;background-repeat: no-repeat !important;}\u00bb el_class=\u00bbsec-150-140&#8243;][vc_row][vc_column][\/vc_column][\/vc_row][vc_row][vc_column width=\u00bb5\/12&#8243;][vc_column_text]Son credenciales reconocidas y valoradas por el sector que se conceden por tiempo limitado y por tanto requieren de permanente formaci\u00f3n y pr\u00e1ctica para poder estar al d\u00eda y poder examinarse peri\u00f3dicamente para renovar su validez.[\/vc_column_text][\/vc_column][vc_column width=\u00bb2\/12&#8243;][\/vc_column][vc_column width=\u00bb5\/12&#8243;][vc_column_text]Todos los miembros del equipo de Brainy Commerce estamos&hellip;<\/p>\n","protected":false},"author":6,"featured_media":2184,"parent":56,"menu_order":0,"comment_status":"closed","ping_status":"closed","template":"","meta":{"content-type":"","inline_featured_image":false,"footnotes":""},"class_list":["post-236","page","type-page","status-publish","has-post-thumbnail","hentry","entry","has-media"],"acf":[],"_links":{"self":[{"href":"https:\/\/www.brainycommerce.com\/es\/wp-json\/wp\/v2\/pages\/236","targetHints":{"allow":["GET"]}}],"collection":[{"href":"https:\/\/www.brainycommerce.com\/es\/wp-json\/wp\/v2\/pages"}],"about":[{"href":"https:\/\/www.brainycommerce.com\/es\/wp-json\/wp\/v2\/types\/page"}],"author":[{"embeddable":true,"href":"https:\/\/www.brainycommerce.com\/es\/wp-json\/wp\/v2\/users\/6"}],"replies":[{"embeddable":true,"href":"https:\/\/www.brainycommerce.com\/es\/wp-json\/wp\/v2\/comments?post=236"}],"version-history":[{"count":68,"href":"https:\/\/www.brainycommerce.com\/es\/wp-json\/wp\/v2\/pages\/236\/revisions"}],"predecessor-version":[{"id":3745,"href":"https:\/\/www.brainycommerce.com\/es\/wp-json\/wp\/v2\/pages\/236\/revisions\/3745"}],"up":[{"embeddable":true,"href":"https:\/\/www.brainycommerce.com\/es\/wp-json\/wp\/v2\/pages\/56"}],"wp:featuredmedia":[{"embeddable":true,"href":"https:\/\/www.brainycommerce.com\/es\/wp-json\/wp\/v2\/media\/2184"}],"wp:attachment":[{"href":"https:\/\/www.brainycommerce.com\/es\/wp-json\/wp\/v2\/media?parent=236"}],"curies":[{"name":"wp","href":"https:\/\/api.w.org\/{rel}","templated":true}]}}